{"id":8511,"date":"2025-03-03T08:42:04","date_gmt":"2025-03-03T13:42:04","guid":{"rendered":"https:\/\/maximetal.boutiquegme.com\/product\/3541\/"},"modified":"2026-02-20T08:43:35","modified_gmt":"2026-02-20T13:43:35","slug":"3541","status":"publish","type":"product","link":"https:\/\/maximetal.boutiquegme.com\/fr\/produit\/3541\/","title":{"rendered":"M&#038;O &#8211; T-shirt Deluxe en m\u00e9lange de coton &#8211; 3541"},"content":{"rendered":"<ul>\n<li>6 oz, 65\/35 polyester\/coton fil\u00e9 \u00e0 l&rsquo;anneau, 30 unit\u00e9s simples<\/li>\n<li>Coupe slim<\/li>\n<li>Manches et ourlet inf\u00e9rieur \u00e0 double aiguille<\/li>\n<li>Coutures lat\u00e9rales<\/li>\n<li>Certifi\u00e9 USMCA<\/li>\n<li>Logo Maxim\u00e9tal Clock imprim\u00e9 sur toute la face avant<\/li>\n<\/ul>\n","protected":false},"excerpt":{"rendered":"<ul>\n<li>6 oz, 65\/35 polyester\/coton fil\u00e9 \u00e0 l&rsquo;anneau, 30 unit\u00e9s simples<\/li>\n<li>Coupe slim<\/li>\n<li>Manches et ourlet inf\u00e9rieur \u00e0 double aiguille<\/li>\n<li>Coutures lat\u00e9rales<\/li>\n<li>Certifi\u00e9 USMCA<\/li>\n<li>Logo Maxim\u00e9tal Clock imprim\u00e9 sur toute la face avant<\/li>\n<\/ul>\n","protected":false},"featured_media":8505,"template":"","meta":{"_acf_changed":false},"product_brand":[],"product_cat":[406],"product_tag":[],"sexe":[397],"giftcard-category":[],"class_list":{"0":"post-8511","1":"product","2":"type-product","3":"status-publish","4":"has-post-thumbnail","6":"product_cat-t-shirts","7":"pa_colour-grey-fr","8":"pa_size-s","10":"pa_size-m","12":"pa_size-l","14":"pa_size-xl","16":"pa_size-2xl","18":"sexe-homme","20":"first","21":"instock","22":"taxable","23":"shipping-taxable","24":"purchasable","25":"product-type-variable","26":"has-default-attributes"},"acf":[],"_links":{"self":[{"href":"https:\/\/maximetal.boutiquegme.com\/fr\/wp-json\/wp\/v2\/product\/8511","targetHints":{"allow":["GET"]}}],"collection":[{"href":"https:\/\/maximetal.boutiquegme.com\/fr\/wp-json\/wp\/v2\/product"}],"about":[{"href":"https:\/\/maximetal.boutiquegme.com\/fr\/wp-json\/wp\/v2\/types\/product"}],"wp:featuredmedia":[{"embeddable":true,"href":"https:\/\/maximetal.boutiquegme.com\/fr\/wp-json\/wp\/v2\/media\/8505"}],"wp:attachment":[{"href":"https:\/\/maximetal.boutiquegme.com\/fr\/wp-json\/wp\/v2\/media?parent=8511"}],"wp:term":[{"taxonomy":"product_brand","embeddable":true,"href":"https:\/\/maximetal.boutiquegme.com\/fr\/wp-json\/wp\/v2\/product_brand?post=8511"},{"taxonomy":"product_cat","embeddable":true,"href":"https:\/\/maximetal.boutiquegme.com\/fr\/wp-json\/wp\/v2\/product_cat?post=8511"},{"taxonomy":"product_tag","embeddable":true,"href":"https:\/\/maximetal.boutiquegme.com\/fr\/wp-json\/wp\/v2\/product_tag?post=8511"},{"taxonomy":"sexe","embeddable":true,"href":"https:\/\/maximetal.boutiquegme.com\/fr\/wp-json\/wp\/v2\/sexe?post=8511"},{"taxonomy":"giftcard-category","embeddable":true,"href":"https:\/\/maximetal.boutiquegme.com\/fr\/wp-json\/wp\/v2\/giftcard-category?post=8511"}],"curies":[{"name":"wp","href":"https:\/\/api.w.org\/{rel}","templated":true}]}}