{"id":8399,"date":"2024-12-10T10:16:05","date_gmt":"2024-12-10T15:16:05","guid":{"rendered":"https:\/\/maximetal.boutiquegme.com\/produit\/s05990\/"},"modified":"2026-03-05T16:12:05","modified_gmt":"2026-03-05T21:12:05","slug":"s05990","status":"publish","type":"product","link":"https:\/\/maximetal.boutiquegme.com\/fr\/produit\/s05990\/","title":{"rendered":"Optimum &#8211; T-shirt haute visibilit\u00e9 en coton &#8211; S05990"},"content":{"rendered":"<ul>\n<li>CSA Z96-09 Classe 1 Niveau 2<\/li>\n<li>Doux et de qualit\u00e9 sup\u00e9rieure, \u00e9vacuant l&rsquo;humidit\u00e9<\/li>\n<li>Logo Maxim\u00e9tal au dos<\/li>\n<\/ul>\n","protected":false},"excerpt":{"rendered":"<ul>\n<li>CSA Z96-09 Classe 1 Niveau 2<\/li>\n<li>Doux et de qualit\u00e9 sup\u00e9rieure, \u00e9vacuant l&rsquo;humidit\u00e9<\/li>\n<li>Logo Maxim\u00e9tal au dos<\/li>\n<\/ul>\n","protected":false},"featured_media":8394,"template":"","meta":{"_acf_changed":false},"product_brand":[],"product_cat":[406],"product_tag":[],"sexe":[397],"giftcard-category":[],"class_list":{"0":"post-8399","1":"product","2":"type-product","3":"status-publish","4":"has-post-thumbnail","6":"product_cat-t-shirts","7":"pa_colour-black-fr","8":"pa_size-m","9":"pa_size-l","10":"pa_size-xl","11":"pa_size-2xl","12":"sexe-homme","14":"first","15":"instock","16":"taxable","17":"shipping-taxable","18":"purchasable","19":"product-type-variable","20":"has-default-attributes"},"acf":[],"_links":{"self":[{"href":"https:\/\/maximetal.boutiquegme.com\/fr\/wp-json\/wp\/v2\/product\/8399","targetHints":{"allow":["GET"]}}],"collection":[{"href":"https:\/\/maximetal.boutiquegme.com\/fr\/wp-json\/wp\/v2\/product"}],"about":[{"href":"https:\/\/maximetal.boutiquegme.com\/fr\/wp-json\/wp\/v2\/types\/product"}],"wp:featuredmedia":[{"embeddable":true,"href":"https:\/\/maximetal.boutiquegme.com\/fr\/wp-json\/wp\/v2\/media\/8394"}],"wp:attachment":[{"href":"https:\/\/maximetal.boutiquegme.com\/fr\/wp-json\/wp\/v2\/media?parent=8399"}],"wp:term":[{"taxonomy":"product_brand","embeddable":true,"href":"https:\/\/maximetal.boutiquegme.com\/fr\/wp-json\/wp\/v2\/product_brand?post=8399"},{"taxonomy":"product_cat","embeddable":true,"href":"https:\/\/maximetal.boutiquegme.com\/fr\/wp-json\/wp\/v2\/product_cat?post=8399"},{"taxonomy":"product_tag","embeddable":true,"href":"https:\/\/maximetal.boutiquegme.com\/fr\/wp-json\/wp\/v2\/product_tag?post=8399"},{"taxonomy":"sexe","embeddable":true,"href":"https:\/\/maximetal.boutiquegme.com\/fr\/wp-json\/wp\/v2\/sexe?post=8399"},{"taxonomy":"giftcard-category","embeddable":true,"href":"https:\/\/maximetal.boutiquegme.com\/fr\/wp-json\/wp\/v2\/giftcard-category?post=8399"}],"curies":[{"name":"wp","href":"https:\/\/api.w.org\/{rel}","templated":true}]}}