{"id":8336,"date":"2024-09-25T08:28:14","date_gmt":"2024-09-25T12:28:14","guid":{"rendered":"https:\/\/maximetal.boutiquegme.com\/produit\/sfx-1\/"},"modified":"2026-03-29T15:21:58","modified_gmt":"2026-03-29T19:21:58","slug":"sfx1","status":"publish","type":"product","link":"https:\/\/maximetal.boutiquegme.com\/fr\/produit\/sfx1\/","title":{"rendered":"Chemise \u00e0 carreaux Logan pour hommes &#8211; SFX-1"},"content":{"rendered":"<p>La culture urbaine m\u00eal\u00e9e \u00e0 un sens aigu de la mode d\u00e9finit ce bouton l\u00e9ger aux motifs \u00e0 carreaux classiques. Les caract\u00e9ristiques comprenaient un design \u00e0 bouton-pression avec deux poches poitrine fabriqu\u00e9es \u00e0 partir d&rsquo;un m\u00e9lange coton\/polyester facile d&rsquo;entretien. Le design ergonomique offre une libert\u00e9 de mouvement avec une coupe ajust\u00e9e \u00e0 la mode.<\/p>\n<ul>\n<li>Fermeture \u00e0 pression sur toute la longueur<\/li>\n<li>Patte de poignet avec boutons-pression<\/li>\n<li>Rabats de poche poitrine avec boutons-pression<\/li>\n<li>Ourlet profil\u00e9<\/li>\n<li>Logo Maxim\u00e9tal en PVC sur la poitrine gauche<\/li>\n<\/ul>\n","protected":false},"excerpt":{"rendered":"<p>La culture urbaine m\u00eal\u00e9e \u00e0 un sens aigu de la mode d\u00e9finit ce bouton l\u00e9ger aux motifs \u00e0 carreaux classiques. Les caract\u00e9ristiques comprenaient un design \u00e0 bouton-pression avec deux poches poitrine fabriqu\u00e9es \u00e0 partir d&rsquo;un m\u00e9lange coton\/polyester facile d&rsquo;entretien. Le design ergonomique offre une libert\u00e9 de mouvement avec une coupe ajust\u00e9e \u00e0 la mode.<\/p>\n<ul>\n<li>Fermeture \u00e0 pression sur toute la longueur<\/li>\n<li>Patte de poignet avec boutons-pression<\/li>\n<li>Rabats de poche poitrine avec boutons-pression<\/li>\n<li>Ourlet profil\u00e9<\/li>\n<li>Logo Maxim\u00e9tal en PVC sur la poitrine gauche<\/li>\n<\/ul>\n","protected":false},"featured_media":8331,"template":"","meta":{"_acf_changed":false},"product_brand":[],"product_cat":[433],"product_tag":[],"sexe":[397],"giftcard-category":[],"class_list":{"0":"post-8336","1":"product","2":"type-product","3":"status-publish","4":"has-post-thumbnail","6":"product_cat-chemises","7":"pa_2-colours-black-red-plaid-fr","8":"pa_2-colours-carbon-plaid-fr","9":"pa_size-s","10":"pa_size-m","11":"pa_size-l","12":"pa_size-xl","13":"pa_size-2xl","14":"sexe-homme","16":"first","17":"instock","18":"taxable","19":"shipping-taxable","20":"purchasable","21":"product-type-variable","22":"has-default-attributes"},"acf":[],"_links":{"self":[{"href":"https:\/\/maximetal.boutiquegme.com\/fr\/wp-json\/wp\/v2\/product\/8336","targetHints":{"allow":["GET"]}}],"collection":[{"href":"https:\/\/maximetal.boutiquegme.com\/fr\/wp-json\/wp\/v2\/product"}],"about":[{"href":"https:\/\/maximetal.boutiquegme.com\/fr\/wp-json\/wp\/v2\/types\/product"}],"wp:featuredmedia":[{"embeddable":true,"href":"https:\/\/maximetal.boutiquegme.com\/fr\/wp-json\/wp\/v2\/media\/8331"}],"wp:attachment":[{"href":"https:\/\/maximetal.boutiquegme.com\/fr\/wp-json\/wp\/v2\/media?parent=8336"}],"wp:term":[{"taxonomy":"product_brand","embeddable":true,"href":"https:\/\/maximetal.boutiquegme.com\/fr\/wp-json\/wp\/v2\/product_brand?post=8336"},{"taxonomy":"product_cat","embeddable":true,"href":"https:\/\/maximetal.boutiquegme.com\/fr\/wp-json\/wp\/v2\/product_cat?post=8336"},{"taxonomy":"product_tag","embeddable":true,"href":"https:\/\/maximetal.boutiquegme.com\/fr\/wp-json\/wp\/v2\/product_tag?post=8336"},{"taxonomy":"sexe","embeddable":true,"href":"https:\/\/maximetal.boutiquegme.com\/fr\/wp-json\/wp\/v2\/sexe?post=8336"},{"taxonomy":"giftcard-category","embeddable":true,"href":"https:\/\/maximetal.boutiquegme.com\/fr\/wp-json\/wp\/v2\/giftcard-category?post=8336"}],"curies":[{"name":"wp","href":"https:\/\/api.w.org\/{rel}","templated":true}]}}