{"id":8258,"date":"2024-06-14T10:22:37","date_gmt":"2024-06-14T14:22:37","guid":{"rendered":"https:\/\/maximetal.boutiquegme.com\/produit\/247\/"},"modified":"2026-01-23T19:18:23","modified_gmt":"2026-01-24T00:18:23","slug":"247","status":"publish","type":"product","link":"https:\/\/maximetal.boutiquegme.com\/fr\/produit\/247\/","title":{"rendered":"Chemise de travail \u00e0 manches longues de Big Bill- 247"},"content":{"rendered":"<ul>\n<li>Col officier avec pelon &amp; reste<\/li>\n<li>Platte devant avec fermeture \u00e0 bouton-pression<\/li>\n<li>2 poches poitrine avant avec rabat et fermeture \u00e0 bouton-pression<\/li>\n<li>Division des crayons sur les deux poches<\/li>\n<li>Poignets avec fermeture \u00e0 bouton-pression<\/li>\n<li>Empi\u00e8cement arri\u00e8re<\/li>\n<li>Fil haute r\u00e9sistance<\/li>\n<li>Des points d&rsquo;arr\u00eat \u00e0 tous les points de tension<\/li>\n<li>65 % polyester \/ 35 % coton<\/li>\n<li>Logo Maxim\u00e9tal sur la poitrine gauche et \u00e9tiquette tiss\u00e9e en forme de cloche au bas de la plaquette de la chemise<\/li>\n<\/ul>\n","protected":false},"excerpt":{"rendered":"<ul>\n<li>Col officier avec pelon &amp; reste<\/li>\n<li>Platte devant avec fermeture \u00e0 bouton-pression<\/li>\n<li>2 poches poitrine avant avec rabat et fermeture \u00e0 bouton-pression<\/li>\n<li>Division des crayons sur les deux poches<\/li>\n<li>Poignets avec fermeture \u00e0 bouton-pression<\/li>\n<li>Empi\u00e8cement arri\u00e8re<\/li>\n<li>Fil haute r\u00e9sistance<\/li>\n<li>Des points d&rsquo;arr\u00eat \u00e0 tous les points de tension<\/li>\n<li>65 % polyester \/ 35 % coton<\/li>\n<li>Logo Maxim\u00e9tal sur la poitrine gauche et \u00e9tiquette tiss\u00e9e en forme de cloche au bas de la plaquette de la chemise<\/li>\n<\/ul>\n","protected":false},"featured_media":8251,"template":"","meta":{"_acf_changed":false},"product_brand":[],"product_cat":[433],"product_tag":[],"sexe":[397],"giftcard-category":[],"class_list":{"0":"post-8258","1":"product","2":"type-product","3":"status-publish","4":"has-post-thumbnail","6":"product_cat-chemises","7":"pa_colour-black-fr","8":"pa_size-s","9":"pa_size-m","10":"pa_size-l","11":"pa_size-xl","13":"pa_size-2xl","14":"pa_size-3xl","16":"sexe-homme","18":"first","19":"instock","20":"taxable","21":"shipping-taxable","22":"purchasable","23":"product-type-variable","24":"has-default-attributes"},"acf":[],"_links":{"self":[{"href":"https:\/\/maximetal.boutiquegme.com\/fr\/wp-json\/wp\/v2\/product\/8258","targetHints":{"allow":["GET"]}}],"collection":[{"href":"https:\/\/maximetal.boutiquegme.com\/fr\/wp-json\/wp\/v2\/product"}],"about":[{"href":"https:\/\/maximetal.boutiquegme.com\/fr\/wp-json\/wp\/v2\/types\/product"}],"wp:featuredmedia":[{"embeddable":true,"href":"https:\/\/maximetal.boutiquegme.com\/fr\/wp-json\/wp\/v2\/media\/8251"}],"wp:attachment":[{"href":"https:\/\/maximetal.boutiquegme.com\/fr\/wp-json\/wp\/v2\/media?parent=8258"}],"wp:term":[{"taxonomy":"product_brand","embeddable":true,"href":"https:\/\/maximetal.boutiquegme.com\/fr\/wp-json\/wp\/v2\/product_brand?post=8258"},{"taxonomy":"product_cat","embeddable":true,"href":"https:\/\/maximetal.boutiquegme.com\/fr\/wp-json\/wp\/v2\/product_cat?post=8258"},{"taxonomy":"product_tag","embeddable":true,"href":"https:\/\/maximetal.boutiquegme.com\/fr\/wp-json\/wp\/v2\/product_tag?post=8258"},{"taxonomy":"sexe","embeddable":true,"href":"https:\/\/maximetal.boutiquegme.com\/fr\/wp-json\/wp\/v2\/sexe?post=8258"},{"taxonomy":"giftcard-category","embeddable":true,"href":"https:\/\/maximetal.boutiquegme.com\/fr\/wp-json\/wp\/v2\/giftcard-category?post=8258"}],"curies":[{"name":"wp","href":"https:\/\/api.w.org\/{rel}","templated":true}]}}