{"id":8115,"date":"2024-03-07T16:27:57","date_gmt":"2024-03-07T21:27:57","guid":{"rendered":"https:\/\/maximetal.boutiquegme.com\/produit\/21895500\/"},"modified":"2026-02-05T09:56:22","modified_gmt":"2026-02-05T14:56:22","slug":"21895500","status":"publish","type":"product","link":"https:\/\/maximetal.boutiquegme.com\/fr\/produit\/21895500\/","title":{"rendered":"Casquette Flexfit 110C &#8211; 110\u00ae Pro-Formance\u00ae &#8211; 21895500"},"content":{"rendered":"<ul>\n<li>97\/3 polyester\/\u00e9lasthanne PU<\/li>\n<li>Tissu avec gestion de l&rsquo;humidit\u00e9 et s\u00e9chage rapide<\/li>\n<li>Structur\u00e9, \u00e0 six panneaux, profil moyen<\/li>\n<li>Visi\u00e8re Permacurv\u00ae<\/li>\n<li>Technologie Pro-formance\u00ae<\/li>\n<li>Fermeture auto-agrippante<\/li>\n<li>Logo Maxisaber brod\u00e9 sur le devant en blanc et gris<\/li>\n<li>Logo Maxim\u00e9tal brod\u00e9 sur le c\u00f4t\u00e9 gauche en blanc et gris<\/li>\n<li>Logo Pierce brod\u00e9 sur le c\u00f4t\u00e9 droit en gris et noir<\/li>\n<\/ul>\n","protected":false},"excerpt":{"rendered":"<ul>\n<li>97\/3 polyester\/\u00e9lasthanne PU<\/li>\n<li>Tissu avec gestion de l&rsquo;humidit\u00e9 et s\u00e9chage rapide<\/li>\n<li>Structur\u00e9, \u00e0 six panneaux, profil moyen<\/li>\n<li>Visi\u00e8re Permacurv\u00ae<\/li>\n<li>Technologie Pro-formance\u00ae<\/li>\n<li>Fermeture auto-agrippante<\/li>\n<li>Logo Maxisaber brod\u00e9 sur le devant en blanc et gris<\/li>\n<li>Logo Maxim\u00e9tal brod\u00e9 sur le c\u00f4t\u00e9 gauche en blanc et gris<\/li>\n<li>Logo Pierce brod\u00e9 sur le c\u00f4t\u00e9 droit en gris et noir<\/li>\n<\/ul>\n","protected":false},"featured_media":8109,"template":"","meta":{"_acf_changed":false},"product_brand":[],"product_cat":[435],"product_tag":[],"sexe":[397,402,403],"giftcard-category":[],"class_list":{"0":"post-8115","1":"product","2":"type-product","3":"status-publish","4":"has-post-thumbnail","6":"product_cat-chapeaux","7":"pa_colour-black-fr","8":"sexe-homme","9":"sexe-femme","10":"sexe-enfants","12":"first","13":"instock","14":"taxable","15":"shipping-taxable","16":"purchasable","17":"product-type-variable","18":"has-default-attributes"},"acf":[],"_links":{"self":[{"href":"https:\/\/maximetal.boutiquegme.com\/fr\/wp-json\/wp\/v2\/product\/8115","targetHints":{"allow":["GET"]}}],"collection":[{"href":"https:\/\/maximetal.boutiquegme.com\/fr\/wp-json\/wp\/v2\/product"}],"about":[{"href":"https:\/\/maximetal.boutiquegme.com\/fr\/wp-json\/wp\/v2\/types\/product"}],"wp:featuredmedia":[{"embeddable":true,"href":"https:\/\/maximetal.boutiquegme.com\/fr\/wp-json\/wp\/v2\/media\/8109"}],"wp:attachment":[{"href":"https:\/\/maximetal.boutiquegme.com\/fr\/wp-json\/wp\/v2\/media?parent=8115"}],"wp:term":[{"taxonomy":"product_brand","embeddable":true,"href":"https:\/\/maximetal.boutiquegme.com\/fr\/wp-json\/wp\/v2\/product_brand?post=8115"},{"taxonomy":"product_cat","embeddable":true,"href":"https:\/\/maximetal.boutiquegme.com\/fr\/wp-json\/wp\/v2\/product_cat?post=8115"},{"taxonomy":"product_tag","embeddable":true,"href":"https:\/\/maximetal.boutiquegme.com\/fr\/wp-json\/wp\/v2\/product_tag?post=8115"},{"taxonomy":"sexe","embeddable":true,"href":"https:\/\/maximetal.boutiquegme.com\/fr\/wp-json\/wp\/v2\/sexe?post=8115"},{"taxonomy":"giftcard-category","embeddable":true,"href":"https:\/\/maximetal.boutiquegme.com\/fr\/wp-json\/wp\/v2\/giftcard-category?post=8115"}],"curies":[{"name":"wp","href":"https:\/\/api.w.org\/{rel}","templated":true}]}}