{"id":7746,"date":"2023-10-17T10:52:02","date_gmt":"2023-10-17T14:52:02","guid":{"rendered":"https:\/\/maximetal.boutiquegme.com\/store\/non%20class\u00e9\/6y847m\/"},"modified":"2026-02-05T09:56:20","modified_gmt":"2026-02-05T14:56:20","slug":"6y847m","status":"publish","type":"product","link":"https:\/\/maximetal.boutiquegme.com\/fr\/produit\/6y847m\/","title":{"rendered":"Casquette Chino Crois\u00e9 Deluxe \/ Filet en Polyester &#8211; 6Y847M"},"content":{"rendered":"<ul>\n<li>Chino serg\u00e9 de luxe\/maille en polyester<\/li>\n<li>Realtree XTRA\u00ae<\/li>\n<li>Confection int\u00e9grale \u00e0 6 panneaux (dos en mesh)<\/li>\n<li>Panneaux avant lamin\u00e9s Buckram avec Pro-Stitch<\/li>\n<li>Visi\u00e8re pr\u00e9-incurv\u00e9e avec 8 rang\u00e9es de coutures<\/li>\n<li>Sangle arri\u00e8re en tissu avec fermeture Velcro<\/li>\n<li>Logo PVC Maxim\u00e9tal attach\u00e9 sur le devant<\/li>\n<\/ul>\n","protected":false},"excerpt":{"rendered":"<ul>\n<li>Chino serg\u00e9 de luxe\/maille en polyester<\/li>\n<li>Realtree XTRA\u00ae<\/li>\n<li>Confection int\u00e9grale \u00e0 6 panneaux (dos en mesh)<\/li>\n<li>Panneaux avant lamin\u00e9s Buckram avec Pro-Stitch<\/li>\n<li>Visi\u00e8re pr\u00e9-incurv\u00e9e avec 8 rang\u00e9es de coutures<\/li>\n<li>Sangle arri\u00e8re en tissu avec fermeture Velcro<\/li>\n<li>Logo PVC Maxim\u00e9tal attach\u00e9 sur le devant<\/li>\n<\/ul>\n","protected":false},"featured_media":7521,"template":"","meta":{"_acf_changed":false},"product_brand":[],"product_cat":[435],"product_tag":[],"sexe":[397,402,403],"giftcard-category":[],"class_list":{"0":"post-7746","1":"product","2":"type-product","3":"status-publish","4":"has-post-thumbnail","6":"product_cat-chapeaux","7":"sexe-homme","8":"sexe-femme","9":"sexe-enfants","11":"first","12":"instock","13":"taxable","14":"shipping-taxable","15":"purchasable","16":"product-type-simple"},"acf":[],"_links":{"self":[{"href":"https:\/\/maximetal.boutiquegme.com\/fr\/wp-json\/wp\/v2\/product\/7746","targetHints":{"allow":["GET"]}}],"collection":[{"href":"https:\/\/maximetal.boutiquegme.com\/fr\/wp-json\/wp\/v2\/product"}],"about":[{"href":"https:\/\/maximetal.boutiquegme.com\/fr\/wp-json\/wp\/v2\/types\/product"}],"wp:featuredmedia":[{"embeddable":true,"href":"https:\/\/maximetal.boutiquegme.com\/fr\/wp-json\/wp\/v2\/media\/7521"}],"wp:attachment":[{"href":"https:\/\/maximetal.boutiquegme.com\/fr\/wp-json\/wp\/v2\/media?parent=7746"}],"wp:term":[{"taxonomy":"product_brand","embeddable":true,"href":"https:\/\/maximetal.boutiquegme.com\/fr\/wp-json\/wp\/v2\/product_brand?post=7746"},{"taxonomy":"product_cat","embeddable":true,"href":"https:\/\/maximetal.boutiquegme.com\/fr\/wp-json\/wp\/v2\/product_cat?post=7746"},{"taxonomy":"product_tag","embeddable":true,"href":"https:\/\/maximetal.boutiquegme.com\/fr\/wp-json\/wp\/v2\/product_tag?post=7746"},{"taxonomy":"sexe","embeddable":true,"href":"https:\/\/maximetal.boutiquegme.com\/fr\/wp-json\/wp\/v2\/sexe?post=7746"},{"taxonomy":"giftcard-category","embeddable":true,"href":"https:\/\/maximetal.boutiquegme.com\/fr\/wp-json\/wp\/v2\/giftcard-category?post=7746"}],"curies":[{"name":"wp","href":"https:\/\/api.w.org\/{rel}","templated":true}]}}