{"id":7706,"date":"2023-10-17T10:18:57","date_gmt":"2023-10-17T14:18:57","guid":{"rendered":"https:\/\/maximetal.boutiquegme.com\/store\/non%20class\u00e9\/42000\/"},"modified":"2026-03-27T19:04:22","modified_gmt":"2026-03-27T23:04:22","slug":"42000","status":"publish","type":"product","link":"https:\/\/maximetal.boutiquegme.com\/fr\/produit\/42000\/","title":{"rendered":"T-shirt noir avec impression Maximetal s\u00e9rigraphi\u00e9e &#8211; 42000"},"content":{"rendered":"<ul>\n<li>5 oz.\/yd\u00b2 (US) 8,3 oz.\/L yd (CA), 100 % polyester<\/li>\n<li>Coupe classique moderne<\/li>\n<li>Surpiq\u00fbre simple, col largeur classique<\/li>\n<li>Col et \u00e9paules coll\u00e9s pour plus de confort et de durabilit\u00e9<\/li>\n<li>Coutures lat\u00e9rales<\/li>\n<li>\u00c9tiquette d\u00e9tachable<\/li>\n<\/ul>\n","protected":false},"excerpt":{"rendered":"<ul>\n<li>5 oz.\/yd\u00b2 (US) 8,3 oz.\/L yd (CA), 100 % polyester<\/li>\n<li>Coupe classique moderne<\/li>\n<li>Surpiq\u00fbre simple, col largeur classique<\/li>\n<li>Col et \u00e9paules coll\u00e9s pour plus de confort et de durabilit\u00e9<\/li>\n<li>Coutures lat\u00e9rales<\/li>\n<li>\u00c9tiquette d\u00e9tachable<\/li>\n<\/ul>\n","protected":false},"featured_media":7699,"template":"","meta":{"_acf_changed":false},"product_brand":[],"product_cat":[406],"product_tag":[],"sexe":[397],"giftcard-category":[],"class_list":{"0":"post-7706","1":"product","2":"type-product","3":"status-publish","4":"has-post-thumbnail","6":"product_cat-t-shirts","7":"pa_colour-black-fr","8":"pa_size-s","9":"pa_size-m","10":"pa_size-l","11":"pa_size-xl","12":"pa_size-2xl","13":"pa_size-3xl","14":"sexe-homme","16":"first","17":"instock","18":"taxable","19":"shipping-taxable","20":"purchasable","21":"product-type-variable","22":"has-default-attributes"},"acf":[],"_links":{"self":[{"href":"https:\/\/maximetal.boutiquegme.com\/fr\/wp-json\/wp\/v2\/product\/7706","targetHints":{"allow":["GET"]}}],"collection":[{"href":"https:\/\/maximetal.boutiquegme.com\/fr\/wp-json\/wp\/v2\/product"}],"about":[{"href":"https:\/\/maximetal.boutiquegme.com\/fr\/wp-json\/wp\/v2\/types\/product"}],"wp:featuredmedia":[{"embeddable":true,"href":"https:\/\/maximetal.boutiquegme.com\/fr\/wp-json\/wp\/v2\/media\/7699"}],"wp:attachment":[{"href":"https:\/\/maximetal.boutiquegme.com\/fr\/wp-json\/wp\/v2\/media?parent=7706"}],"wp:term":[{"taxonomy":"product_brand","embeddable":true,"href":"https:\/\/maximetal.boutiquegme.com\/fr\/wp-json\/wp\/v2\/product_brand?post=7706"},{"taxonomy":"product_cat","embeddable":true,"href":"https:\/\/maximetal.boutiquegme.com\/fr\/wp-json\/wp\/v2\/product_cat?post=7706"},{"taxonomy":"product_tag","embeddable":true,"href":"https:\/\/maximetal.boutiquegme.com\/fr\/wp-json\/wp\/v2\/product_tag?post=7706"},{"taxonomy":"sexe","embeddable":true,"href":"https:\/\/maximetal.boutiquegme.com\/fr\/wp-json\/wp\/v2\/sexe?post=7706"},{"taxonomy":"giftcard-category","embeddable":true,"href":"https:\/\/maximetal.boutiquegme.com\/fr\/wp-json\/wp\/v2\/giftcard-category?post=7706"}],"curies":[{"name":"wp","href":"https:\/\/api.w.org\/{rel}","templated":true}]}}