{"id":7667,"date":"2023-10-17T09:48:32","date_gmt":"2023-10-17T13:48:32","guid":{"rendered":"https:\/\/maximetal.boutiquegme.com\/store\/non%20class\u00e9\/d620\/"},"modified":"2025-03-10T10:29:47","modified_gmt":"2025-03-10T14:29:47","slug":"d620","status":"publish","type":"product","link":"https:\/\/maximetal.boutiquegme.com\/fr\/produit\/d620\/","title":{"rendered":"Devon &#038; Jones Pour homme Crown Woven &#8211; D620"},"content":{"rendered":"<ul>\n<li>Devon &amp; Chemise \u00e0 manches longues de la collection tiss\u00e9e Jones Crown<\/li>\n<li>3,4 oz., 55 % coton, 45 % polyester<br \/>\nv\u00e9ritable performance sans repassage directement du s\u00e8che-linge<br \/>\nfinition antitache<\/li>\n<\/ul>\n<p>Fonctionnalit\u00e9:<\/p>\n<ul>\n<li>Chemise en fil fin avec boutons nacr\u00e9s<\/li>\n<li>Coutures scell\u00e9es brevet\u00e9es sans fronces<\/li>\n<li>Col, poignets et patte de boutonnage sp\u00e9cialement fusionn\u00e9s<\/li>\n<li>Couture arri\u00e8re fendue avec empi\u00e8cement arri\u00e8re coup\u00e9 en biais<\/li>\n<li>coupe classique pour une apparence professionnelle<\/li>\n<li>col boutonn\u00e9 roul\u00e9<\/li>\n<li>Le \u00ab\u00a0Col Confort\u00a0\u00bb r\u00e9glable offre jusqu&rsquo;\u00e0 2,5 cm d&rsquo;\u00e9tirement au niveau du cou<\/li>\n<li>Poche poitrine gauche<\/li>\n<li>\u00c9ligible \u00e0 la d\u00e9co<\/li>\n<li>Logo Maxim\u00e9tal brod\u00e9 sur la poitrine gauche<\/li>\n<li>\u00c9tiquette avec logo Bell sur la plaquette inf\u00e9rieure<\/li>\n<\/ul>\n","protected":false},"excerpt":{"rendered":"<ul>\n<li>Devon &amp; Chemise \u00e0 manches longues de la collection tiss\u00e9e Jones Crown<\/li>\n<li>3,4 oz., 55 % coton, 45 % polyester<br \/>\nv\u00e9ritable performance sans repassage directement du s\u00e8che-linge<br \/>\nfinition antitache<\/li>\n<\/ul>\n<p>Fonctionnalit\u00e9:<\/p>\n<ul>\n<li>Chemise en fil fin avec boutons nacr\u00e9s<\/li>\n<li>Coutures scell\u00e9es brevet\u00e9es sans fronces<\/li>\n<li>Col, poignets et patte de boutonnage sp\u00e9cialement fusionn\u00e9s<\/li>\n<li>Couture arri\u00e8re fendue avec empi\u00e8cement arri\u00e8re coup\u00e9 en biais<\/li>\n<li>coupe classique pour une apparence professionnelle<\/li>\n<li>col boutonn\u00e9 roul\u00e9<\/li>\n<li>Le \u00ab\u00a0Col Confort\u00a0\u00bb r\u00e9glable offre jusqu&rsquo;\u00e0 2,5 cm d&rsquo;\u00e9tirement au niveau du cou<\/li>\n<li>Poche poitrine gauche<\/li>\n<li>\u00c9ligible \u00e0 la d\u00e9co<\/li>\n<li>Logo Maxim\u00e9tal brod\u00e9 sur la poitrine gauche<\/li>\n<li>\u00c9tiquette avec logo Bell sur la plaquette inf\u00e9rieure<\/li>\n<\/ul>\n","protected":false},"featured_media":7657,"template":"","meta":{"_acf_changed":false},"product_brand":[],"product_cat":[433],"product_tag":[],"sexe":[397],"giftcard-category":[],"class_list":{"0":"post-7667","1":"product","2":"type-product","3":"status-publish","4":"has-post-thumbnail","6":"product_cat-chemises","7":"pa_colour-black-fr","8":"pa_size-xs","9":"pa_size-s","10":"pa_size-m","11":"pa_size-l","12":"pa_size-xl","13":"pa_size-2xl","14":"pa_size-3xl","15":"pa_size-4xl","16":"pa_size-5xl","17":"sexe-homme","19":"first","20":"instock","21":"taxable","22":"shipping-taxable","23":"purchasable","24":"product-type-variable","25":"has-default-attributes"},"acf":[],"_links":{"self":[{"href":"https:\/\/maximetal.boutiquegme.com\/fr\/wp-json\/wp\/v2\/product\/7667","targetHints":{"allow":["GET"]}}],"collection":[{"href":"https:\/\/maximetal.boutiquegme.com\/fr\/wp-json\/wp\/v2\/product"}],"about":[{"href":"https:\/\/maximetal.boutiquegme.com\/fr\/wp-json\/wp\/v2\/types\/product"}],"wp:featuredmedia":[{"embeddable":true,"href":"https:\/\/maximetal.boutiquegme.com\/fr\/wp-json\/wp\/v2\/media\/7657"}],"wp:attachment":[{"href":"https:\/\/maximetal.boutiquegme.com\/fr\/wp-json\/wp\/v2\/media?parent=7667"}],"wp:term":[{"taxonomy":"product_brand","embeddable":true,"href":"https:\/\/maximetal.boutiquegme.com\/fr\/wp-json\/wp\/v2\/product_brand?post=7667"},{"taxonomy":"product_cat","embeddable":true,"href":"https:\/\/maximetal.boutiquegme.com\/fr\/wp-json\/wp\/v2\/product_cat?post=7667"},{"taxonomy":"product_tag","embeddable":true,"href":"https:\/\/maximetal.boutiquegme.com\/fr\/wp-json\/wp\/v2\/product_tag?post=7667"},{"taxonomy":"sexe","embeddable":true,"href":"https:\/\/maximetal.boutiquegme.com\/fr\/wp-json\/wp\/v2\/sexe?post=7667"},{"taxonomy":"giftcard-category","embeddable":true,"href":"https:\/\/maximetal.boutiquegme.com\/fr\/wp-json\/wp\/v2\/giftcard-category?post=7667"}],"curies":[{"name":"wp","href":"https:\/\/api.w.org\/{rel}","templated":true}]}}