{"id":7654,"date":"2023-10-16T11:03:29","date_gmt":"2023-10-16T15:03:29","guid":{"rendered":"https:\/\/maximetal.boutiquegme.com\/store\/non%20class\u00e9\/i15616\/"},"modified":"2026-03-05T16:25:47","modified_gmt":"2026-03-05T21:25:47","slug":"i15616","status":"publish","type":"product","link":"https:\/\/maximetal.boutiquegme.com\/fr\/produit\/i15616\/","title":{"rendered":"Chapeau aviateur \u00e0 carreaux &#8211; i15616"},"content":{"rendered":"<p>Chaleur de la fausse fourrure. Plaid classique. Port\u00e9 avec des rabats baiss\u00e9s pour garder vos oreilles au chaud ou des rabats relev\u00e9s pour l&rsquo;a\u00e9rodynamisme, vous serez styl\u00e9 dans cet aviateur classique.<\/p>\n<ul>\n<li>95 % polyester\/5 % laine<\/li>\n<li>Isolant 3M\u2122 Thinsulate\u2122 de 40 g<\/li>\n<li>Bordure en fausse fourrure<\/li>\n<li>Visi\u00e8re cousue<\/li>\n<li>Mentonni\u00e8re r\u00e9glable avec fermeture \u00e0 boucle<\/li>\n<li>Logo Maxim\u00e9tal en PVC sur le cache-oreille gauche<\/li>\n<\/ul>\n","protected":false},"excerpt":{"rendered":"<p>Chaleur de la fausse fourrure. Plaid classique. Port\u00e9 avec des rabats baiss\u00e9s pour garder vos oreilles au chaud ou des rabats relev\u00e9s pour l&rsquo;a\u00e9rodynamisme, vous serez styl\u00e9 dans cet aviateur classique.<\/p>\n<ul>\n<li>95 % polyester\/5 % laine<\/li>\n<li>Isolant 3M\u2122 Thinsulate\u2122 de 40 g<\/li>\n<li>Bordure en fausse fourrure<\/li>\n<li>Visi\u00e8re cousue<\/li>\n<li>Mentonni\u00e8re r\u00e9glable avec fermeture \u00e0 boucle<\/li>\n<li>Logo Maxim\u00e9tal en PVC sur le cache-oreille gauche<\/li>\n<\/ul>\n","protected":false},"featured_media":7653,"template":"","meta":{"_acf_changed":false},"product_brand":[],"product_cat":[435],"product_tag":[],"sexe":[397,402],"giftcard-category":[],"class_list":{"0":"post-7654","1":"product","2":"type-product","3":"status-publish","4":"has-post-thumbnail","6":"product_cat-chapeaux","7":"pa_size-m","8":"pa_size-l","9":"pa_size-xl","10":"sexe-homme","11":"sexe-femme","13":"first","14":"instock","15":"taxable","16":"shipping-taxable","17":"purchasable","18":"product-type-variable","19":"has-default-attributes"},"acf":[],"_links":{"self":[{"href":"https:\/\/maximetal.boutiquegme.com\/fr\/wp-json\/wp\/v2\/product\/7654","targetHints":{"allow":["GET"]}}],"collection":[{"href":"https:\/\/maximetal.boutiquegme.com\/fr\/wp-json\/wp\/v2\/product"}],"about":[{"href":"https:\/\/maximetal.boutiquegme.com\/fr\/wp-json\/wp\/v2\/types\/product"}],"wp:featuredmedia":[{"embeddable":true,"href":"https:\/\/maximetal.boutiquegme.com\/fr\/wp-json\/wp\/v2\/media\/7653"}],"wp:attachment":[{"href":"https:\/\/maximetal.boutiquegme.com\/fr\/wp-json\/wp\/v2\/media?parent=7654"}],"wp:term":[{"taxonomy":"product_brand","embeddable":true,"href":"https:\/\/maximetal.boutiquegme.com\/fr\/wp-json\/wp\/v2\/product_brand?post=7654"},{"taxonomy":"product_cat","embeddable":true,"href":"https:\/\/maximetal.boutiquegme.com\/fr\/wp-json\/wp\/v2\/product_cat?post=7654"},{"taxonomy":"product_tag","embeddable":true,"href":"https:\/\/maximetal.boutiquegme.com\/fr\/wp-json\/wp\/v2\/product_tag?post=7654"},{"taxonomy":"sexe","embeddable":true,"href":"https:\/\/maximetal.boutiquegme.com\/fr\/wp-json\/wp\/v2\/sexe?post=7654"},{"taxonomy":"giftcard-category","embeddable":true,"href":"https:\/\/maximetal.boutiquegme.com\/fr\/wp-json\/wp\/v2\/giftcard-category?post=7654"}],"curies":[{"name":"wp","href":"https:\/\/api.w.org\/{rel}","templated":true}]}}