{"id":7644,"date":"2023-10-16T10:54:19","date_gmt":"2023-10-16T14:54:19","guid":{"rendered":"https:\/\/maximetal.boutiquegme.com\/store\/non%20class\u00e9\/log101\/"},"modified":"2025-11-09T12:41:53","modified_gmt":"2025-11-09T17:41:53","slug":"log101","status":"publish","type":"product","link":"https:\/\/maximetal.boutiquegme.com\/fr\/produit\/log101\/","title":{"rendered":"T-shirt de Golf Caliber 2.0 pour femme &#8211; LOG101"},"content":{"rendered":"<ul>\n<li>Piqu\u00e9 100 % polyester performant de 8,4 oz avec technologie d&rsquo;\u00e9vacuation de la fra\u00eecheur<\/li>\n<li>Col en tricot c\u00f4tel\u00e9<\/li>\n<li>Respirant<\/li>\n<li>Sans \u00e9tiquette<\/li>\n<li>Coupe classique<\/li>\n<li>Logo Maxim\u00e9tal brod\u00e9 sur la poitrine gauche<\/li>\n<li>\u00c9tiquette avec logo Bell sur la manche droite<\/li>\n<\/ul>\n","protected":false},"excerpt":{"rendered":"<ul>\n<li>Piqu\u00e9 100 % polyester performant de 8,4 oz avec technologie d&rsquo;\u00e9vacuation de la fra\u00eecheur<\/li>\n<li>Col en tricot c\u00f4tel\u00e9<\/li>\n<li>Respirant<\/li>\n<li>Sans \u00e9tiquette<\/li>\n<li>Coupe classique<\/li>\n<li>Logo Maxim\u00e9tal brod\u00e9 sur la poitrine gauche<\/li>\n<li>\u00c9tiquette avec logo Bell sur la manche droite<\/li>\n<\/ul>\n","protected":false},"featured_media":7643,"template":"","meta":{"_acf_changed":false},"product_brand":[],"product_cat":[406],"product_tag":[],"sexe":[402],"giftcard-category":[],"class_list":{"0":"post-7644","1":"product","2":"type-product","3":"status-publish","4":"has-post-thumbnail","6":"product_cat-t-shirts","7":"pa_colour-blue-fr","8":"pa_colour-black-fr","9":"pa_size-s","10":"pa_size-m","11":"pa_size-l","12":"pa_size-xl","13":"pa_size-2xl","14":"pa_size-3xl","15":"sexe-femme","17":"first","18":"instock","19":"taxable","20":"shipping-taxable","21":"purchasable","22":"product-type-variable","23":"has-default-attributes"},"acf":[],"_links":{"self":[{"href":"https:\/\/maximetal.boutiquegme.com\/fr\/wp-json\/wp\/v2\/product\/7644","targetHints":{"allow":["GET"]}}],"collection":[{"href":"https:\/\/maximetal.boutiquegme.com\/fr\/wp-json\/wp\/v2\/product"}],"about":[{"href":"https:\/\/maximetal.boutiquegme.com\/fr\/wp-json\/wp\/v2\/types\/product"}],"wp:featuredmedia":[{"embeddable":true,"href":"https:\/\/maximetal.boutiquegme.com\/fr\/wp-json\/wp\/v2\/media\/7643"}],"wp:attachment":[{"href":"https:\/\/maximetal.boutiquegme.com\/fr\/wp-json\/wp\/v2\/media?parent=7644"}],"wp:term":[{"taxonomy":"product_brand","embeddable":true,"href":"https:\/\/maximetal.boutiquegme.com\/fr\/wp-json\/wp\/v2\/product_brand?post=7644"},{"taxonomy":"product_cat","embeddable":true,"href":"https:\/\/maximetal.boutiquegme.com\/fr\/wp-json\/wp\/v2\/product_cat?post=7644"},{"taxonomy":"product_tag","embeddable":true,"href":"https:\/\/maximetal.boutiquegme.com\/fr\/wp-json\/wp\/v2\/product_tag?post=7644"},{"taxonomy":"sexe","embeddable":true,"href":"https:\/\/maximetal.boutiquegme.com\/fr\/wp-json\/wp\/v2\/sexe?post=7644"},{"taxonomy":"giftcard-category","embeddable":true,"href":"https:\/\/maximetal.boutiquegme.com\/fr\/wp-json\/wp\/v2\/giftcard-category?post=7644"}],"curies":[{"name":"wp","href":"https:\/\/api.w.org\/{rel}","templated":true}]}}