{"id":7512,"date":"2023-10-12T13:34:21","date_gmt":"2023-10-12T17:34:21","guid":{"rendered":"https:\/\/maximetal.boutiquegme.com\/store\/non%20class\u00e9\/5000\/"},"modified":"2026-03-27T19:04:22","modified_gmt":"2026-03-27T23:04:22","slug":"5000","status":"publish","type":"product","link":"https:\/\/maximetal.boutiquegme.com\/fr\/produit\/5000\/","title":{"rendered":"T-shirt 5000 noir avec impression Maxim\u00e9tal s\u00e9rigraphi\u00e9e en avant"},"content":{"rendered":"<ul>\n<li>5,3 oz.\/yd\u00b2 (US) 8,8 oz.\/L yd (CA), 100 % coton, 20 unit\u00e9s simples<\/li>\n<li>Largeur classique, col c\u00f4tel\u00e9<\/li>\n<li>Col et \u00e9paules coll\u00e9s pour plus de confort et de durabilit\u00e9<\/li>\n<li>\u00c9tiquette d\u00e9tachable<\/li>\n<li>Fier membre du protocole am\u00e9ricain Cotton Trust<\/li>\n<li>Fabriqu\u00e9 avec des colorants \u00e0 faible impact certifi\u00e9s OEKO-TEX<\/li>\n<\/ul>\n","protected":false},"excerpt":{"rendered":"<ul>\n<li>5,3 oz.\/yd\u00b2 (US) 8,8 oz.\/L yd (CA), 100 % coton, 20 unit\u00e9s simples<\/li>\n<li>Largeur classique, col c\u00f4tel\u00e9<\/li>\n<li>Col et \u00e9paules coll\u00e9s pour plus de confort et de durabilit\u00e9<\/li>\n<li>\u00c9tiquette d\u00e9tachable<\/li>\n<li>Fier membre du protocole am\u00e9ricain Cotton Trust<\/li>\n<li>Fabriqu\u00e9 avec des colorants \u00e0 faible impact certifi\u00e9s OEKO-TEX<\/li>\n<\/ul>\n","protected":false},"featured_media":7505,"template":"","meta":{"_acf_changed":false},"product_brand":[],"product_cat":[406],"product_tag":[],"sexe":[397],"giftcard-category":[],"class_list":{"0":"post-7512","1":"product","2":"type-product","3":"status-publish","4":"has-post-thumbnail","6":"product_cat-t-shirts","7":"pa_colour-blue-fr","8":"pa_colour-black-fr","9":"pa_size-s","10":"pa_size-m","11":"pa_size-l","12":"pa_size-xl","13":"pa_size-2xl","14":"pa_size-3xl","15":"pa_size-4xl","16":"pa_size-5xl","17":"sexe-homme","19":"first","20":"instock","21":"sale","22":"taxable","23":"shipping-taxable","24":"purchasable","25":"product-type-variable","26":"has-default-attributes"},"acf":[],"_links":{"self":[{"href":"https:\/\/maximetal.boutiquegme.com\/fr\/wp-json\/wp\/v2\/product\/7512","targetHints":{"allow":["GET"]}}],"collection":[{"href":"https:\/\/maximetal.boutiquegme.com\/fr\/wp-json\/wp\/v2\/product"}],"about":[{"href":"https:\/\/maximetal.boutiquegme.com\/fr\/wp-json\/wp\/v2\/types\/product"}],"wp:featuredmedia":[{"embeddable":true,"href":"https:\/\/maximetal.boutiquegme.com\/fr\/wp-json\/wp\/v2\/media\/7505"}],"wp:attachment":[{"href":"https:\/\/maximetal.boutiquegme.com\/fr\/wp-json\/wp\/v2\/media?parent=7512"}],"wp:term":[{"taxonomy":"product_brand","embeddable":true,"href":"https:\/\/maximetal.boutiquegme.com\/fr\/wp-json\/wp\/v2\/product_brand?post=7512"},{"taxonomy":"product_cat","embeddable":true,"href":"https:\/\/maximetal.boutiquegme.com\/fr\/wp-json\/wp\/v2\/product_cat?post=7512"},{"taxonomy":"product_tag","embeddable":true,"href":"https:\/\/maximetal.boutiquegme.com\/fr\/wp-json\/wp\/v2\/product_tag?post=7512"},{"taxonomy":"sexe","embeddable":true,"href":"https:\/\/maximetal.boutiquegme.com\/fr\/wp-json\/wp\/v2\/sexe?post=7512"},{"taxonomy":"giftcard-category","embeddable":true,"href":"https:\/\/maximetal.boutiquegme.com\/fr\/wp-json\/wp\/v2\/giftcard-category?post=7512"}],"curies":[{"name":"wp","href":"https:\/\/api.w.org\/{rel}","templated":true}]}}