{"id":7925,"date":"2023-12-21T15:37:48","date_gmt":"2023-12-21T20:37:48","guid":{"rendered":"https:\/\/maximetal.boutiquegme.com\/?page_id=7925"},"modified":"2023-12-22T11:41:41","modified_gmt":"2023-12-22T16:41:41","slug":"formulaire-employes","status":"publish","type":"page","link":"https:\/\/maximetal.boutiquegme.com\/fr\/formulaire-employes\/","title":{"rendered":"Formulaire employ\u00e9s"},"content":{"rendered":"<div class=\"fusion-fullwidth fullwidth-box fusion-builder-row-1 fusion-flex-container has-pattern-background has-mask-background nonhundred-percent-fullwidth non-hundred-percent-height-scrolling\" style=\"--awb-border-radius-top-left:0px;--awb-border-radius-top-right:0px;--awb-border-radius-bottom-right:0px;--awb-border-radius-bottom-left:0px;--awb-flex-wrap:wrap;\" ><div class=\"fusion-builder-row fusion-row fusion-flex-align-items-flex-start fusion-flex-content-wrap\" style=\"max-width:1352px;margin-left: calc(-4% \/ 2 );margin-right: calc(-4% \/ 2 );\"><div class=\"fusion-layout-column fusion_builder_column fusion-builder-column-0 fusion_builder_column_1_2 1_2 fusion-flex-column\" style=\"--awb-bg-size:cover;--awb-width-large:50%;--awb-margin-top-large:0px;--awb-spacing-right-large:3.84%;--awb-margin-bottom-large:20px;--awb-spacing-left-large:3.84%;--awb-width-medium:50%;--awb-order-medium:0;--awb-spacing-right-medium:3.84%;--awb-spacing-left-medium:3.84%;--awb-width-small:100%;--awb-order-small:0;--awb-spacing-right-small:1.92%;--awb-spacing-left-small:1.92%;\" data-scroll-devices=\"small-visibility,medium-visibility,large-visibility\"><div class=\"fusion-column-wrapper fusion-column-has-shadow fusion-flex-justify-content-flex-start fusion-content-layout-column\"><div class=\"fusion-title title fusion-title-1 fusion-sep-none fusion-title-text fusion-title-size-one\" style=\"--awb-text-color:var(--awb-color6);--awb-font-size:20px;\"><h1 class=\"fusion-title-heading title-heading-left\" style=\"font-family:var(--awb-custom_typography_1-font-family);font-weight:var(--awb-custom_typography_1-font-weight);font-style:var(--awb-custom_typography_1-font-style);margin:0;font-size:1em;letter-spacing:var(--awb-custom_typography_1-letter-spacing);text-transform:var(--awb-custom_typography_1-text-transform);line-height:var(--awb-custom_typography_1-line-height);\">Formulaire des employ\u00e9s<\/h1><\/div><div class=\"fusion-text fusion-text-1\" style=\"--awb-font-size:16px;--awb-line-height:var(--awb-typography5-line-height);--awb-letter-spacing:var(--awb-typography5-letter-spacing);--awb-text-transform:var(--awb-typography5-text-transform);--awb-text-font-family:var(--awb-typography5-font-family);--awb-text-font-weight:var(--awb-typography5-font-weight);--awb-text-font-style:var(--awb-typography5-font-style);\"><p>Voici le champ \u00e0 remplir seulement si vous \u00eates un employ\u00e9 de Maximetal.<br \/>\nUne fois rempli, l\u2019administration va approuver votre formulaire pour pouvoir magasiner comme employ\u00e9.<\/p>\n<\/div><\/div><\/div><div class=\"fusion-layout-column fusion_builder_column fusion-builder-column-1 fusion_builder_column_1_2 1_2 fusion-flex-column fusion-animated\" style=\"--awb-bg-size:cover;--awb-width-large:50%;--awb-margin-top-large:0px;--awb-spacing-right-large:3.84%;--awb-margin-bottom-large:20px;--awb-spacing-left-large:3.84%;--awb-width-medium:50%;--awb-order-medium:0;--awb-spacing-right-medium:3.84%;--awb-spacing-left-medium:3.84%;--awb-width-small:100%;--awb-order-small:0;--awb-spacing-right-small:1.92%;--awb-spacing-left-small:1.92%;\" data-animationType=\"fadeIn\" data-animationDuration=\"0.3\" data-animationOffset=\"top-mid-of-view\" data-scroll-devices=\"small-visibility,medium-visibility,large-visibility\"><div class=\"fusion-column-wrapper fusion-column-has-shadow fusion-flex-justify-content-flex-start fusion-content-layout-column\"><div class=\"fusion-text fusion-text-2\">\t<div class='user-registration ur-frontend-form   ' id='user-registration-form-7923'>\n\t\t\t\t\t\t\t\t<form method='post' class='register' data-form-id=\"7923\"\n\t\t\t\tdata-enable-strength-password=\"1\" data-minimum-password-strength=\"0\"\n\t\t\t\t\t\t\t\t\t\t\t\t\t\t\t \"enctype=multipart\/form-data\" data-captcha-enabled=\"1\">\n\n\t\t\t\t<div class=\"ur-form-row\" data-row-id=\"0\">\t\t\t\t\t\t<div class=\"ur-form-grid ur-grid-1\"\n\t\t\t\t\t\t\tstyle=\"width:99%\">\n\t\t\t\t\t\t\t\t\t\t\t\t\t\t<div  data-field-id=\"first_name\" class=\"ur-field-item field-first_name \" data-ref-id=\"first_name\">\n\t\t\t\t\t\t\t\t\t<div class=\"form-row validate-required\" id=\"first_name_field\" data-priority=\"\" ><label for=\"first_name\" class=\"ur-label\">Pr\u00e9nom <abbr class=\"required\" title=\"obligatoire\">*<\/abbr><\/label> <span class=\"input-wrapper\"> <input  data-rules=\"\" data-id=\"first_name\" type=\"text\" class=\"input-text  without_icon input-text ur-frontend-field  \" name=\"first_name\" id=\"first_name\" placeholder=\"\"  value=\"\" required=\"required\" data-label=\"Pr\u00e9nom\" \/> <\/span> <\/div>\t\t\t\t\t\t\t\t<\/div>\n\t\t\t\t\t\t\t\t\t\t\t\t\t\t\t\t<div  data-field-id=\"last_name\" class=\"ur-field-item field-last_name \" data-ref-id=\"last_name\">\n\t\t\t\t\t\t\t\t\t<div class=\"form-row validate-required\" id=\"last_name_field\" data-priority=\"\" ><label for=\"last_name\" class=\"ur-label\">Nom <abbr class=\"required\" title=\"obligatoire\">*<\/abbr><\/label> <span class=\"input-wrapper\"> <input  data-rules=\"\" data-id=\"last_name\" type=\"text\" class=\"input-text  without_icon input-text ur-frontend-field  \" name=\"last_name\" id=\"last_name\" placeholder=\"\"  value=\"\" required=\"required\" data-label=\"Nom\" \/> <\/span> <\/div>\t\t\t\t\t\t\t\t<\/div>\n\t\t\t\t\t\t\t\t\t\t\t\t\t\t\t\t<div  data-field-id=\"display_name\" class=\"ur-field-item field-display_name \" data-ref-id=\"display_name\">\n\t\t\t\t\t\t\t\t\t<div class=\"form-row validate-required\" id=\"display_name_field\" data-priority=\"\" ><label for=\"display_name\" class=\"ur-label\">Nom d'usager <abbr class=\"required\" title=\"obligatoire\">*<\/abbr><\/label> <span class=\"input-wrapper\"> <input  data-rules=\"\" data-id=\"display_name\" type=\"text\" class=\"input-text  without_icon input-text ur-frontend-field  \" name=\"display_name\" id=\"display_name\" placeholder=\"\"  value=\"\" required=\"required\" data-label=\"Nom d&#039;usager\" \/> <\/span> <\/div>\t\t\t\t\t\t\t\t<\/div>\n\t\t\t\t\t\t\t\t\t\t\t\t\t\t\t\t<div  data-field-id=\"user_email\" class=\"ur-field-item field-user_email \" data-ref-id=\"user_email\">\n\t\t\t\t\t\t\t\t\t<div class=\"form-row validate-required\" id=\"user_email_field\" data-priority=\"\" ><label for=\"user_email\" class=\"ur-label\">Courriel <abbr class=\"required\" title=\"obligatoire\">*<\/abbr><\/label> <span class=\"input-wrapper\"> <input  data-rules=\"\" data-id=\"user_email\" type=\"email\" class=\"input-text  without_icon input-email ur-frontend-field  \" name=\"user_email\" id=\"user_email\" placeholder=\"\"  value=\"\" required=\"required\" data-label=\"Courriel\" \/> <\/span> <\/div>\t\t\t\t\t\t\t\t<\/div>\n\t\t\t\t\t\t\t\t\t\t\t\t\t\t\t\t<div  data-field-id=\"user_pass\" class=\"ur-field-item field-user_pass \" data-ref-id=\"user_pass\">\n\t\t\t\t\t\t\t\t\t<div class=\"form-row validate-required hide_show_password\" id=\"user_pass_field\" data-priority=\"\"><label for=\"user_pass\" class=\"ur-label\">Mot de passe <abbr class=\"required\" title=\"obligatoire\">*<\/abbr><\/label> <span class=\"input-wrapper\"> <span class=\"password-input-group input-form-field-icons\"><input data-rules=\"\" data-id=\"user_pass\" type=\"password\" class=\"input-text without_icon input-password ur-frontend-field  \" name=\"user_pass\" id=\"user_pass\" placeholder=\"\"  value=\"\" required=\"required\" data-label=\"Mot de passe\" \/><\/span> <\/span> <\/div>\t\t\t\t\t\t\t\t<\/div>\n\t\t\t\t\t\t\t\t\t\t\t\t\t\t\t\t<div  data-field-id=\"html_1703261223\" class=\"ur-field-item field-html \" data-ref-id=\"html_1703261223\">\n\t\t\t\t\t\t\t\t\t<p class=\"form-row \" id=\"html_1703261223\" data-priority=\"\"> <input type=\"hidden\" data-rules=\"\" data-id=\"html_1703261223\" value=\"\" class=\" ur-frontend-field \" name=\"html_1703261223\" id=\"html_1703261223\" \/> <span id=\"html_1703261223\"><\/span><\/p>\t\t\t\t\t\t\t\t<\/div>\n\t\t\t\t\t\t\t\t\t\t\t\t\t\t\t\t<div  data-field-id=\"billing_address_title\" class=\"ur-field-item field-billing_address_title \" data-ref-id=\"billing_address_title\">\n\t\t\t\t\t\t\t\t\t<h3 id=\"billing_address_title\">Adresse de facturation<\/h3>\t\t\t\t\t\t\t\t<\/div>\n\t\t\t\t\t\t\t\t\t\t\t\t\t\t\t\t<div  data-field-id=\"billing_address_1\" class=\"ur-field-item field-billing_address_1 \" data-ref-id=\"billing_address_1\">\n\t\t\t\t\t\t\t\t\t<div class=\"form-row \" id=\"billing_address_1_field\" data-priority=\"\" ><label for=\"billing_address_1\" class=\"ur-label\">Adresse<\/label> <span class=\"input-wrapper\"> <input  data-rules=\"\" data-id=\"billing_address_1\" type=\"text\" class=\"input-text  without_icon input-text ur-frontend-field  \" name=\"billing_address_1\" id=\"billing_address_1\" placeholder=\"\"  value=\"\" data-label=\"Adresse\" \/> <\/span> <\/div>\t\t\t\t\t\t\t\t<\/div>\n\t\t\t\t\t\t\t\t\t\t\t\t\t\t\t\t<div  data-field-id=\"billing_city\" class=\"ur-field-item field-billing_city \" data-ref-id=\"billing_city\">\n\t\t\t\t\t\t\t\t\t<div class=\"form-row \" id=\"billing_city_field\" data-priority=\"\" ><label for=\"billing_city\" class=\"ur-label\">Ville \/ Village<\/label> <span class=\"input-wrapper\"> <input  data-rules=\"\" data-id=\"billing_city\" type=\"text\" class=\"input-text  without_icon input-text ur-frontend-field  \" name=\"billing_city\" id=\"billing_city\" placeholder=\"\"  value=\"\" data-label=\"Ville \/ Village\" \/> <\/span> <\/div>\t\t\t\t\t\t\t\t<\/div>\n\t\t\t\t\t\t\t\t\t\t\t\t\t\t\t\t<div  data-field-id=\"billing_state\" class=\"ur-field-item field-billing_state \" data-ref-id=\"billing_state\">\n\t\t\t\t\t\t\t\t\t<div class=\"form-row \" id=\"billing_state_field\" data-priority=\"\" ><label for=\"billing_state\" class=\"ur-label\">Province \/ \u00c9tats<\/label> <span class=\"input-wrapper\"> <input  data-rules=\"\" data-id=\"billing_state\" type=\"text\" class=\"input-text  without_icon input-text ur-frontend-field  \" name=\"billing_state\" id=\"billing_state\" placeholder=\"\"  value=\"\" data-label=\"Province \/ \u00c9tats\" \/> <\/span> <\/div>\t\t\t\t\t\t\t\t<\/div>\n\t\t\t\t\t\t\t\t\t\t\t\t\t\t\t\t<div  data-field-id=\"billing_postcode\" class=\"ur-field-item field-billing_postcode \" data-ref-id=\"billing_postcode\">\n\t\t\t\t\t\t\t\t\t<div class=\"form-row \" id=\"billing_postcode_field\" data-priority=\"\" ><label for=\"billing_postcode\" class=\"ur-label\">Code postal<\/label> <span class=\"input-wrapper\"> <input  data-rules=\"\" data-id=\"billing_postcode\" type=\"text\" class=\"input-text  without_icon input-text ur-frontend-field  \" name=\"billing_postcode\" id=\"billing_postcode\" placeholder=\"\"  value=\"\" data-label=\"Code postal\" \/> <\/span> <\/div>\t\t\t\t\t\t\t\t<\/div>\n\t\t\t\t\t\t\t\t\t\t\t\t\t\t<\/div>\n\t\t\t\t\t\t\t\t\t\t\t<\/div>\n\t\t\t\t\t\t\t\t\t\t\t\t\t\t\t\t\t<div class=\"ur-button-container \" >\n\t\t\t\t\t\t\t\t\t\t\t\t\t\t<button type=\"submit\" class=\"btn button ur-submit-button \"  conditional_rules=\"&quot;&quot;\">\n\t\t\t\t\t\t\t\t<span><\/span>\n\t\t\t\t\t\t\t\tSoumettre\t\t\t\t\t\t\t<\/button>\n\t\t\t\t\t\t\t\t\t\t\t\t\t\t\t\t\t\t\t\t<\/div>\n\t\t\t\t\t\t\n\t\t\t\t<div style=\"clear:both\"><\/div>\n\t\t\t\t\t\t\t\t<input type=\"hidden\" name=\"ur-registration-language\" value=\"fr\"\/>\n\t\t\t\t<input type=\"hidden\" name=\"ur-user-form-id\" value=\"7923\"\/>\n\t\t\t\t<input type=\"hidden\" name=\"ur-redirect-url\" value=\"\"\/>\n\t\t\t\t<input type=\"hidden\" id=\"ur_frontend_form_nonce\" name=\"ur_frontend_form_nonce\" value=\"807c48523f\" \/>\n\t\t\t\t\t\t\t<\/form>\n\t\t\t\n\t\t<div style=\"clear:both\"><\/div>\n\t<\/div>\n\n<\/div><\/div><\/div><\/div><\/div>\n","protected":false},"excerpt":{"rendered":"","protected":false},"author":1,"featured_media":0,"parent":0,"menu_order":0,"comment_status":"closed","ping_status":"closed","template":"","meta":{"_acf_changed":false,"footnotes":""},"class_list":["post-7925","page","type-page","status-publish","hentry"],"acf":[],"_links":{"self":[{"href":"https:\/\/maximetal.boutiquegme.com\/fr\/wp-json\/wp\/v2\/pages\/7925","targetHints":{"allow":["GET"]}}],"collection":[{"href":"https:\/\/maximetal.boutiquegme.com\/fr\/wp-json\/wp\/v2\/pages"}],"about":[{"href":"https:\/\/maximetal.boutiquegme.com\/fr\/wp-json\/wp\/v2\/types\/page"}],"author":[{"embeddable":true,"href":"https:\/\/maximetal.boutiquegme.com\/fr\/wp-json\/wp\/v2\/users\/1"}],"replies":[{"embeddable":true,"href":"https:\/\/maximetal.boutiquegme.com\/fr\/wp-json\/wp\/v2\/comments?post=7925"}],"version-history":[{"count":0,"href":"https:\/\/maximetal.boutiquegme.com\/fr\/wp-json\/wp\/v2\/pages\/7925\/revisions"}],"wp:attachment":[{"href":"https:\/\/maximetal.boutiquegme.com\/fr\/wp-json\/wp\/v2\/media?parent=7925"}],"curies":[{"name":"wp","href":"https:\/\/api.w.org\/{rel}","templated":true}]}}